{"id":2328,"date":"2024-02-08T15:10:55","date_gmt":"2024-02-08T15:10:55","guid":{"rendered":"https:\/\/stixon.se\/our-services\/"},"modified":"2025-03-26T15:35:29","modified_gmt":"2025-03-26T15:35:29","slug":"our-services","status":"publish","type":"page","link":"https:\/\/stixon.se\/en\/our-services\/","title":{"rendered":"Our services"},"content":{"rendered":"\t\t<div data-elementor-type=\"wp-page\" data-elementor-id=\"2328\" class=\"elementor elementor-2328 elementor-634\" data-elementor-post-type=\"page\">\n\t\t\t\t<div class=\"elementor-element elementor-element-0ad3775 e-flex e-con-boxed e-con e-parent\" data-id=\"0ad3775\" data-element_type=\"container\" data-e-type=\"container\" data-settings=\"{&quot;jet_parallax_layout_list&quot;:[],&quot;background_background&quot;:&quot;classic&quot;}\">\n\t\t\t\t\t<div class=\"e-con-inner\">\n\t\t<div class=\"elementor-element elementor-element-381260f e-con-full e-flex e-con e-child\" data-id=\"381260f\" data-element_type=\"container\" data-e-type=\"container\" data-settings=\"{&quot;jet_parallax_layout_list&quot;:[]}\">\n\t\t\t\t<div class=\"elementor-element elementor-element-04d7a66 elementor-widget__width-initial elementor-widget elementor-widget-heading\" data-id=\"04d7a66\" data-element_type=\"widget\" data-e-type=\"widget\" data-widget_type=\"heading.default\">\n\t\t\t\t<div class=\"elementor-widget-container\">\n\t\t\t\t\t<h1 class=\"elementor-heading-title elementor-size-default\">Tailored services that can make a big difference to your project.<\/h1>\t\t\t\t<\/div>\n\t\t\t\t<\/div>\n\t\t\t\t<div class=\"elementor-element elementor-element-9ba29af elementor-widget elementor-widget-jet-listing-grid\" data-id=\"9ba29af\" data-element_type=\"widget\" data-e-type=\"widget\" data-settings=\"{&quot;columns&quot;:3,&quot;columns_tablet&quot;:&quot;2&quot;,&quot;columns_mobile&quot;:&quot;1&quot;}\" data-widget_type=\"jet-listing-grid.default\">\n\t\t\t\t<div class=\"elementor-widget-container\">\n\t\t\t\t\t<div class=\"jet-listing-grid jet-listing\"><div class=\"jet-listing-grid__items grid-col-desk-3 grid-col-tablet-2 grid-col-mobile-1 jet-listing-grid--629 jet-equal-columns__wrapper\" data-queried-id=\"2328|WP_Post\" data-nav=\"{&quot;enabled&quot;:false,&quot;type&quot;:null,&quot;more_el&quot;:null,&quot;query&quot;:[],&quot;widget_settings&quot;:{&quot;lisitng_id&quot;:629,&quot;posts_num&quot;:8,&quot;columns&quot;:3,&quot;columns_tablet&quot;:2,&quot;columns_mobile&quot;:1,&quot;column_min_width&quot;:240,&quot;column_min_width_tablet&quot;:240,&quot;column_min_width_mobile&quot;:240,&quot;inline_columns_css&quot;:false,&quot;is_archive_template&quot;:&quot;&quot;,&quot;post_status&quot;:[&quot;publish&quot;],&quot;use_random_posts_num&quot;:&quot;&quot;,&quot;max_posts_num&quot;:9,&quot;not_found_message&quot;:&quot;No data was found&quot;,&quot;is_masonry&quot;:false,&quot;equal_columns_height&quot;:&quot;yes&quot;,&quot;use_load_more&quot;:&quot;&quot;,&quot;load_more_id&quot;:&quot;&quot;,&quot;load_more_type&quot;:&quot;click&quot;,&quot;load_more_offset&quot;:{&quot;unit&quot;:&quot;px&quot;,&quot;size&quot;:0,&quot;sizes&quot;:[]},&quot;use_custom_post_types&quot;:&quot;&quot;,&quot;custom_post_types&quot;:[],&quot;hide_widget_if&quot;:&quot;&quot;,&quot;carousel_enabled&quot;:&quot;&quot;,&quot;slides_to_scroll&quot;:&quot;1&quot;,&quot;arrows&quot;:&quot;true&quot;,&quot;arrow_icon&quot;:&quot;fa fa-angle-left&quot;,&quot;dots&quot;:&quot;&quot;,&quot;autoplay&quot;:&quot;true&quot;,&quot;pause_on_hover&quot;:&quot;true&quot;,&quot;autoplay_speed&quot;:5000,&quot;infinite&quot;:&quot;true&quot;,&quot;center_mode&quot;:&quot;&quot;,&quot;effect&quot;:&quot;slide&quot;,&quot;speed&quot;:500,&quot;inject_alternative_items&quot;:&quot;&quot;,&quot;injection_items&quot;:[{&quot;_id&quot;:&quot;e6aaa5f&quot;,&quot;item&quot;:&quot;1230&quot;,&quot;item_num&quot;:-1,&quot;inject_once&quot;:&quot;yes&quot;,&quot;static_item&quot;:&quot;yes&quot;}],&quot;scroll_slider_enabled&quot;:&quot;&quot;,&quot;scroll_slider_on&quot;:[&quot;desktop&quot;,&quot;tablet&quot;,&quot;mobile&quot;],&quot;custom_query&quot;:false,&quot;custom_query_id&quot;:&quot;&quot;,&quot;_element_id&quot;:&quot;&quot;,&quot;collapse_first_last_gap&quot;:false,&quot;list_tag_selection&quot;:&quot;&quot;,&quot;list_items_wrapper_tag&quot;:&quot;div&quot;,&quot;list_item_tag&quot;:&quot;div&quot;,&quot;empty_items_wrapper_tag&quot;:&quot;div&quot;}}\" data-page=\"1\" data-pages=\"1\" data-listing-source=\"posts\" data-listing-id=\"629\" data-query-id=\"\"><div class=\"jet-listing-grid__item jet-listing-dynamic-post-2373 jet-equal-columns\" data-post-id=\"2373\"  >\t\t<div data-elementor-type=\"jet-listing-items\" data-elementor-id=\"2377\" class=\"elementor elementor-2377 elementor-629\" data-elementor-post-type=\"jet-engine\">\n\t\t\t\t<div class=\"elementor-element elementor-element-8a6bc9d services-card e-flex e-con-boxed e-con e-parent\" data-id=\"8a6bc9d\" data-element_type=\"container\" data-e-type=\"container\" id=\"tender-project-management\" data-settings=\"{&quot;background_background&quot;:&quot;classic&quot;,&quot;jet_parallax_layout_list&quot;:[]}\">\n\t\t\t\t\t<div class=\"e-con-inner\">\n\t\t<div class=\"elementor-element elementor-element-4ffbde8 e-con-full e-flex e-con e-child\" data-id=\"4ffbde8\" data-element_type=\"container\" data-e-type=\"container\" data-settings=\"{&quot;jet_parallax_layout_list&quot;:[]}\">\n\t\t\t\t<div class=\"elementor-element elementor-element-86d6960 elementor-widget elementor-widget-heading\" data-id=\"86d6960\" data-element_type=\"widget\" data-e-type=\"widget\" data-widget_type=\"heading.default\">\n\t\t\t\t<div class=\"elementor-widget-container\">\n\t\t\t\t\t<h5 class=\"elementor-heading-title elementor-size-default\">Bid &amp; Project Management<\/h5>\t\t\t\t<\/div>\n\t\t\t\t<\/div>\n\t\t\t\t<div class=\"elementor-element elementor-element-81843d9 small-text elementor-widget elementor-widget-text-editor\" data-id=\"81843d9\" data-element_type=\"widget\" data-e-type=\"widget\" data-widget_type=\"text-editor.default\">\n\t\t\t\t<div class=\"elementor-widget-container\">\n\t\t\t\t\t\t\t\t\tWe offer end-to-end bid and project management solutions covering all phases from initiation to completion. With our experience and\nexpertise, we ensure that projects are delivered on time, within budget and with the desired quality, tailored for industries such as defense,\nmedical technology, process industry and automotive. \t\t\t\t\t\t\t\t<\/div>\n\t\t\t\t<\/div>\n\t\t\t\t<\/div>\n\t\t\t\t\t<\/div>\n\t\t\t\t<\/div>\n\t\t\t\t<\/div>\n\t\t<\/div><div class=\"jet-listing-grid__item jet-listing-dynamic-post-2372 jet-equal-columns\" data-post-id=\"2372\"  >\t\t<div data-elementor-type=\"jet-listing-items\" data-elementor-id=\"2377\" class=\"elementor elementor-2377 elementor-629\" data-elementor-post-type=\"jet-engine\">\n\t\t\t\t<div class=\"elementor-element elementor-element-8a6bc9d services-card e-flex e-con-boxed e-con e-parent\" data-id=\"8a6bc9d\" data-element_type=\"container\" data-e-type=\"container\" id=\"business-management-business-development\" data-settings=\"{&quot;background_background&quot;:&quot;classic&quot;,&quot;jet_parallax_layout_list&quot;:[]}\">\n\t\t\t\t\t<div class=\"e-con-inner\">\n\t\t<div class=\"elementor-element elementor-element-4ffbde8 e-con-full e-flex e-con e-child\" data-id=\"4ffbde8\" data-element_type=\"container\" data-e-type=\"container\" data-settings=\"{&quot;jet_parallax_layout_list&quot;:[]}\">\n\t\t\t\t<div class=\"elementor-element elementor-element-86d6960 elementor-widget elementor-widget-heading\" data-id=\"86d6960\" data-element_type=\"widget\" data-e-type=\"widget\" data-widget_type=\"heading.default\">\n\t\t\t\t<div class=\"elementor-widget-container\">\n\t\t\t\t\t<h5 class=\"elementor-heading-title elementor-size-default\">Operations Management &amp; Organizational Development<\/h5>\t\t\t\t<\/div>\n\t\t\t\t<\/div>\n\t\t\t\t<div class=\"elementor-element elementor-element-81843d9 small-text elementor-widget elementor-widget-text-editor\" data-id=\"81843d9\" data-element_type=\"widget\" data-e-type=\"widget\" data-widget_type=\"text-editor.default\">\n\t\t\t\t<div class=\"elementor-widget-container\">\n\t\t\t\t\t\t\t\t\tOur operations management and organizational development services include interim management, strategic consulting, change management,\nprocess development and digital transformation strategy. We work to improve efficiency and adapt operations to\nmarket changes. \t\t\t\t\t\t\t\t<\/div>\n\t\t\t\t<\/div>\n\t\t\t\t<\/div>\n\t\t\t\t\t<\/div>\n\t\t\t\t<\/div>\n\t\t\t\t<\/div>\n\t\t<\/div><div class=\"jet-listing-grid__item jet-listing-dynamic-post-2371 jet-equal-columns\" data-post-id=\"2371\"  >\t\t<div data-elementor-type=\"jet-listing-items\" data-elementor-id=\"2377\" class=\"elementor elementor-2377 elementor-629\" data-elementor-post-type=\"jet-engine\">\n\t\t\t\t<div class=\"elementor-element elementor-element-8a6bc9d services-card e-flex e-con-boxed e-con e-parent\" data-id=\"8a6bc9d\" data-element_type=\"container\" data-e-type=\"container\" id=\"quality-environmental-management\" data-settings=\"{&quot;background_background&quot;:&quot;classic&quot;,&quot;jet_parallax_layout_list&quot;:[]}\">\n\t\t\t\t\t<div class=\"e-con-inner\">\n\t\t<div class=\"elementor-element elementor-element-4ffbde8 e-con-full e-flex e-con e-child\" data-id=\"4ffbde8\" data-element_type=\"container\" data-e-type=\"container\" data-settings=\"{&quot;jet_parallax_layout_list&quot;:[]}\">\n\t\t\t\t<div class=\"elementor-element elementor-element-86d6960 elementor-widget elementor-widget-heading\" data-id=\"86d6960\" data-element_type=\"widget\" data-e-type=\"widget\" data-widget_type=\"heading.default\">\n\t\t\t\t<div class=\"elementor-widget-container\">\n\t\t\t\t\t<h5 class=\"elementor-heading-title elementor-size-default\">Quality &amp; Environmental Management<\/h5>\t\t\t\t<\/div>\n\t\t\t\t<\/div>\n\t\t\t\t<div class=\"elementor-element elementor-element-81843d9 small-text elementor-widget elementor-widget-text-editor\" data-id=\"81843d9\" data-element_type=\"widget\" data-e-type=\"widget\" data-widget_type=\"text-editor.default\">\n\t\t\t\t<div class=\"elementor-widget-container\">\n\t\t\t\t\t\t\t\t\tWe support the development and implementation of quality and environmental management systems according to ISO standards (ISO 9001, ISO 14001). Our\nservices include internal audits, process optimization, supplier quality and continuous improvement projects to ensure\nthe highest standards.\t\t\t\t\t\t\t\t<\/div>\n\t\t\t\t<\/div>\n\t\t\t\t<\/div>\n\t\t\t\t\t<\/div>\n\t\t\t\t<\/div>\n\t\t\t\t<\/div>\n\t\t<\/div><div class=\"jet-listing-grid__item jet-listing-dynamic-post-2368 jet-equal-columns\" data-post-id=\"2368\"  >\t\t<div data-elementor-type=\"jet-listing-items\" data-elementor-id=\"2377\" class=\"elementor elementor-2377 elementor-629\" data-elementor-post-type=\"jet-engine\">\n\t\t\t\t<div class=\"elementor-element elementor-element-8a6bc9d services-card e-flex e-con-boxed e-con e-parent\" data-id=\"8a6bc9d\" data-element_type=\"container\" data-e-type=\"container\" id=\"integrated-logistic-support-ils\" data-settings=\"{&quot;background_background&quot;:&quot;classic&quot;,&quot;jet_parallax_layout_list&quot;:[]}\">\n\t\t\t\t\t<div class=\"e-con-inner\">\n\t\t<div class=\"elementor-element elementor-element-4ffbde8 e-con-full e-flex e-con e-child\" data-id=\"4ffbde8\" data-element_type=\"container\" data-e-type=\"container\" data-settings=\"{&quot;jet_parallax_layout_list&quot;:[]}\">\n\t\t\t\t<div class=\"elementor-element elementor-element-86d6960 elementor-widget elementor-widget-heading\" data-id=\"86d6960\" data-element_type=\"widget\" data-e-type=\"widget\" data-widget_type=\"heading.default\">\n\t\t\t\t<div class=\"elementor-widget-container\">\n\t\t\t\t\t<h5 class=\"elementor-heading-title elementor-size-default\">Integrated Logistic Support (ILS)<\/h5>\t\t\t\t<\/div>\n\t\t\t\t<\/div>\n\t\t\t\t<div class=\"elementor-element elementor-element-81843d9 small-text elementor-widget elementor-widget-text-editor\" data-id=\"81843d9\" data-element_type=\"widget\" data-e-type=\"widget\" data-widget_type=\"text-editor.default\">\n\t\t\t\t<div class=\"elementor-widget-container\">\n\t\t\t\t\t\t\t\t\tOur comprehensive ILS services cover all aspects of logistical support for systems and products, from initial design and development to\nlong-term maintenance and support. We ensure that all logistical requirements are met throughout the product lifecycle, maximizing\nefficiency and minimizing costs. \t\t\t\t\t\t\t\t<\/div>\n\t\t\t\t<\/div>\n\t\t\t\t<\/div>\n\t\t\t\t\t<\/div>\n\t\t\t\t<\/div>\n\t\t\t\t<\/div>\n\t\t<\/div><div class=\"jet-listing-grid__item jet-listing-dynamic-post-2370 jet-equal-columns\" data-post-id=\"2370\"  >\t\t<div data-elementor-type=\"jet-listing-items\" data-elementor-id=\"2377\" class=\"elementor elementor-2377 elementor-629\" data-elementor-post-type=\"jet-engine\">\n\t\t\t\t<div class=\"elementor-element elementor-element-8a6bc9d services-card e-flex e-con-boxed e-con e-parent\" data-id=\"8a6bc9d\" data-element_type=\"container\" data-e-type=\"container\" id=\"product-development-technology\" data-settings=\"{&quot;background_background&quot;:&quot;classic&quot;,&quot;jet_parallax_layout_list&quot;:[]}\">\n\t\t\t\t\t<div class=\"e-con-inner\">\n\t\t<div class=\"elementor-element elementor-element-4ffbde8 e-con-full e-flex e-con e-child\" data-id=\"4ffbde8\" data-element_type=\"container\" data-e-type=\"container\" data-settings=\"{&quot;jet_parallax_layout_list&quot;:[]}\">\n\t\t\t\t<div class=\"elementor-element elementor-element-86d6960 elementor-widget elementor-widget-heading\" data-id=\"86d6960\" data-element_type=\"widget\" data-e-type=\"widget\" data-widget_type=\"heading.default\">\n\t\t\t\t<div class=\"elementor-widget-container\">\n\t\t\t\t\t<h5 class=\"elementor-heading-title elementor-size-default\">Product Development &amp; Technology<\/h5>\t\t\t\t<\/div>\n\t\t\t\t<\/div>\n\t\t\t\t<div class=\"elementor-element elementor-element-81843d9 small-text elementor-widget elementor-widget-text-editor\" data-id=\"81843d9\" data-element_type=\"widget\" data-e-type=\"widget\" data-widget_type=\"text-editor.default\">\n\t\t\t\t<div class=\"elementor-widget-container\">\n\t\t\t\t\t\t\t\t\tWe help companies develop new products from concept to market launch, including design, prototyping, testing and\nvalidation. Our technical consulting services in mechanical engineering, electronics and software development ensure robust and\ncustomized solutions.\t\t\t\t\t\t\t\t<\/div>\n\t\t\t\t<\/div>\n\t\t\t\t<\/div>\n\t\t\t\t\t<\/div>\n\t\t\t\t<\/div>\n\t\t\t\t<\/div>\n\t\t<\/div><div class=\"jet-listing-grid__item jet-listing-dynamic-post-2369 jet-equal-columns\" data-post-id=\"2369\"  >\t\t<div data-elementor-type=\"jet-listing-items\" data-elementor-id=\"2377\" class=\"elementor elementor-2377 elementor-629\" data-elementor-post-type=\"jet-engine\">\n\t\t\t\t<div class=\"elementor-element elementor-element-8a6bc9d services-card e-flex e-con-boxed e-con e-parent\" data-id=\"8a6bc9d\" data-element_type=\"container\" data-e-type=\"container\" id=\"training-skills-development\" data-settings=\"{&quot;background_background&quot;:&quot;classic&quot;,&quot;jet_parallax_layout_list&quot;:[]}\">\n\t\t\t\t\t<div class=\"e-con-inner\">\n\t\t<div class=\"elementor-element elementor-element-4ffbde8 e-con-full e-flex e-con e-child\" data-id=\"4ffbde8\" data-element_type=\"container\" data-e-type=\"container\" data-settings=\"{&quot;jet_parallax_layout_list&quot;:[]}\">\n\t\t\t\t<div class=\"elementor-element elementor-element-86d6960 elementor-widget elementor-widget-heading\" data-id=\"86d6960\" data-element_type=\"widget\" data-e-type=\"widget\" data-widget_type=\"heading.default\">\n\t\t\t\t<div class=\"elementor-widget-container\">\n\t\t\t\t\t<h5 class=\"elementor-heading-title elementor-size-default\">Training &amp; skills development<\/h5>\t\t\t\t<\/div>\n\t\t\t\t<\/div>\n\t\t\t\t<div class=\"elementor-element elementor-element-81843d9 small-text elementor-widget elementor-widget-text-editor\" data-id=\"81843d9\" data-element_type=\"widget\" data-e-type=\"widget\" data-widget_type=\"text-editor.default\">\n\t\t\t\t<div class=\"elementor-widget-container\">\n\t\t\t\t\t\t\t\t\tWe offer tailored training in project methodology, quality management, digitalization and automation, and organize workshops and seminars to promote learning and development within the organization. Our trainings are designed to raise the level of competence and identify and eliminate barriers in the organization. \t\t\t\t\t\t\t\t<\/div>\n\t\t\t\t<\/div>\n\t\t\t\t<\/div>\n\t\t\t\t\t<\/div>\n\t\t\t\t<\/div>\n\t\t\t\t<\/div>\n\t\t<\/div><\/div><\/div>\t\t\t\t<\/div>\n\t\t\t\t<\/div>\n\t\t\t\t<div class=\"elementor-element elementor-element-01ebf52 elementor-align-center secondary-btn elementor-widget elementor-widget-button\" data-id=\"01ebf52\" data-element_type=\"widget\" data-e-type=\"widget\" data-widget_type=\"button.default\">\n\t\t\t\t<div class=\"elementor-widget-container\">\n\t\t\t\t\t\t\t\t\t<div class=\"elementor-button-wrapper\">\n\t\t\t\t\t<a class=\"elementor-button elementor-button-link elementor-size-sm\" href=\"https:\/\/stixon.se\/en\/contact\/\">\n\t\t\t\t\t\t<span class=\"elementor-button-content-wrapper\">\n\t\t\t\t\t\t\t\t\t<span class=\"elementor-button-text\">Contact us today<\/span>\n\t\t\t\t\t<\/span>\n\t\t\t\t\t<\/a>\n\t\t\t\t<\/div>\n\t\t\t\t\t\t\t\t<\/div>\n\t\t\t\t<\/div>\n\t\t\t\t<\/div>\n\t\t\t\t\t<\/div>\n\t\t\t\t<\/div>\n\t\t\t\t<\/div>\n\t\t","protected":false},"excerpt":{"rendered":"<p>Tailored services that can make a big difference to your project. Contact us today<\/p>\n","protected":false},"author":1,"featured_media":0,"parent":0,"menu_order":0,"comment_status":"closed","ping_status":"closed","template":"","meta":{"site-sidebar-layout":"no-sidebar","site-content-layout":"page-builder","ast-site-content-layout":"full-width-container","site-content-style":"default","site-sidebar-style":"default","ast-global-header-display":"","ast-banner-title-visibility":"","ast-main-header-display":"","ast-hfb-above-header-display":"","ast-hfb-below-header-display":"","ast-hfb-mobile-header-display":"","site-post-title":"disabled","ast-breadcrumbs-content":"","ast-featured-img":"disabled","footer-sml-layout":"","ast-disable-related-posts":"","theme-transparent-header-meta":"default","adv-header-id-meta":"","stick-header-meta":"default","header-above-stick-meta":"","header-main-stick-meta":"","header-below-stick-meta":"","astra-migrate-meta-layouts":"default","ast-page-background-enabled":"default","ast-page-background-meta":{"desktop":{"background-color":"var(--ast-global-color-4)","background-image":"","background-repeat":"repeat","background-position":"center center","background-size":"auto","background-attachment":"scroll","background-type":"","background-media":"","overlay-type":"","overlay-color":"","overlay-opacity":"","overlay-gradient":""},"tablet":{"background-color":"","background-image":"","background-repeat":"repeat","background-position":"center center","background-size":"auto","background-attachment":"scroll","background-type":"","background-media":"","overlay-type":"","overlay-color":"","overlay-opacity":"","overlay-gradient":""},"mobile":{"background-color":"","background-image":"","background-repeat":"repeat","background-position":"center center","background-size":"auto","background-attachment":"scroll","background-type":"","background-media":"","overlay-type":"","overlay-color":"","overlay-opacity":"","overlay-gradient":""}},"ast-content-background-meta":{"desktop":{"background-color":"var(--ast-global-color-5)","background-image":"","background-repeat":"repeat","background-position":"center center","background-size":"auto","background-attachment":"scroll","background-type":"","background-media":"","overlay-type":"","overlay-color":"","overlay-opacity":"","overlay-gradient":""},"tablet":{"background-color":"var(--ast-global-color-5)","background-image":"","background-repeat":"repeat","background-position":"center center","background-size":"auto","background-attachment":"scroll","background-type":"","background-media":"","overlay-type":"","overlay-color":"","overlay-opacity":"","overlay-gradient":""},"mobile":{"background-color":"var(--ast-global-color-5)","background-image":"","background-repeat":"repeat","background-position":"center center","background-size":"auto","background-attachment":"scroll","background-type":"","background-media":"","overlay-type":"","overlay-color":"","overlay-opacity":"","overlay-gradient":""}},"footnotes":""},"class_list":["post-2328","page","type-page","status-publish","hentry"],"yoast_head":"<!-- This site is optimized with the Yoast SEO plugin v27.0 - https:\/\/yoast.com\/product\/yoast-seo-wordpress\/ -->\n<title>Our services - Stixon<\/title>\n<meta name=\"robots\" content=\"index, follow, max-snippet:-1, max-image-preview:large, max-video-preview:-1\" \/>\n<link rel=\"canonical\" href=\"https:\/\/stixon.se\/en\/our-services\/\" \/>\n<meta property=\"og:locale\" content=\"en_US\" \/>\n<meta property=\"og:type\" content=\"article\" \/>\n<meta property=\"og:title\" content=\"Our services - Stixon\" \/>\n<meta property=\"og:description\" content=\"Tailored services that can make a big difference to your project. Contact us today\" \/>\n<meta property=\"og:url\" content=\"https:\/\/stixon.se\/en\/our-services\/\" \/>\n<meta property=\"og:site_name\" content=\"Stixon\" \/>\n<meta property=\"article:modified_time\" content=\"2025-03-26T15:35:29+00:00\" \/>\n<meta name=\"twitter:card\" content=\"summary_large_image\" \/>\n<script type=\"application\/ld+json\" class=\"yoast-schema-graph\">{\"@context\":\"https:\/\/schema.org\",\"@graph\":[{\"@type\":\"WebPage\",\"@id\":\"https:\/\/stixon.se\/en\/our-services\/\",\"url\":\"https:\/\/stixon.se\/en\/our-services\/\",\"name\":\"Our services - Stixon\",\"isPartOf\":{\"@id\":\"https:\/\/stixon.se\/en\/#website\"},\"datePublished\":\"2024-02-08T15:10:55+00:00\",\"dateModified\":\"2025-03-26T15:35:29+00:00\",\"breadcrumb\":{\"@id\":\"https:\/\/stixon.se\/en\/our-services\/#breadcrumb\"},\"inLanguage\":\"en-US\",\"potentialAction\":[{\"@type\":\"ReadAction\",\"target\":[\"https:\/\/stixon.se\/en\/our-services\/\"]}]},{\"@type\":\"BreadcrumbList\",\"@id\":\"https:\/\/stixon.se\/en\/our-services\/#breadcrumb\",\"itemListElement\":[{\"@type\":\"ListItem\",\"position\":1,\"name\":\"Home\",\"item\":\"https:\/\/stixon.se\/en\/home\/\"},{\"@type\":\"ListItem\",\"position\":2,\"name\":\"Our services\"}]},{\"@type\":\"WebSite\",\"@id\":\"https:\/\/stixon.se\/en\/#website\",\"url\":\"https:\/\/stixon.se\/en\/\",\"name\":\"Stixon\",\"description\":\"Din p\u00e5litliga partner f\u00f6r framg\u00e5ngsrika projekt och h\u00e5llbar utveckling\",\"publisher\":{\"@id\":\"https:\/\/stixon.se\/en\/#organization\"},\"potentialAction\":[{\"@type\":\"SearchAction\",\"target\":{\"@type\":\"EntryPoint\",\"urlTemplate\":\"https:\/\/stixon.se\/en\/?s={search_term_string}\"},\"query-input\":{\"@type\":\"PropertyValueSpecification\",\"valueRequired\":true,\"valueName\":\"search_term_string\"}}],\"inLanguage\":\"en-US\"},{\"@type\":\"Organization\",\"@id\":\"https:\/\/stixon.se\/en\/#organization\",\"name\":\"Stixon\",\"url\":\"https:\/\/stixon.se\/en\/\",\"logo\":{\"@type\":\"ImageObject\",\"inLanguage\":\"en-US\",\"@id\":\"https:\/\/stixon.se\/en\/#\/schema\/logo\/image\/\",\"url\":\"https:\/\/stixon.se\/wp-content\/uploads\/2024\/06\/Stixon_Logo-secondary_white_color.svg\",\"contentUrl\":\"https:\/\/stixon.se\/wp-content\/uploads\/2024\/06\/Stixon_Logo-secondary_white_color.svg\",\"width\":1898.63,\"height\":381.82,\"caption\":\"Stixon\"},\"image\":{\"@id\":\"https:\/\/stixon.se\/en\/#\/schema\/logo\/image\/\"}}]}<\/script>\n<!-- \/ Yoast SEO plugin. -->","yoast_head_json":{"title":"Our services - Stixon","robots":{"index":"index","follow":"follow","max-snippet":"max-snippet:-1","max-image-preview":"max-image-preview:large","max-video-preview":"max-video-preview:-1"},"canonical":"https:\/\/stixon.se\/en\/our-services\/","og_locale":"en_US","og_type":"article","og_title":"Our services - Stixon","og_description":"Tailored services that can make a big difference to your project. Contact us today","og_url":"https:\/\/stixon.se\/en\/our-services\/","og_site_name":"Stixon","article_modified_time":"2025-03-26T15:35:29+00:00","twitter_card":"summary_large_image","schema":{"@context":"https:\/\/schema.org","@graph":[{"@type":"WebPage","@id":"https:\/\/stixon.se\/en\/our-services\/","url":"https:\/\/stixon.se\/en\/our-services\/","name":"Our services - Stixon","isPartOf":{"@id":"https:\/\/stixon.se\/en\/#website"},"datePublished":"2024-02-08T15:10:55+00:00","dateModified":"2025-03-26T15:35:29+00:00","breadcrumb":{"@id":"https:\/\/stixon.se\/en\/our-services\/#breadcrumb"},"inLanguage":"en-US","potentialAction":[{"@type":"ReadAction","target":["https:\/\/stixon.se\/en\/our-services\/"]}]},{"@type":"BreadcrumbList","@id":"https:\/\/stixon.se\/en\/our-services\/#breadcrumb","itemListElement":[{"@type":"ListItem","position":1,"name":"Home","item":"https:\/\/stixon.se\/en\/home\/"},{"@type":"ListItem","position":2,"name":"Our services"}]},{"@type":"WebSite","@id":"https:\/\/stixon.se\/en\/#website","url":"https:\/\/stixon.se\/en\/","name":"Stixon","description":"Din p\u00e5litliga partner f\u00f6r framg\u00e5ngsrika projekt och h\u00e5llbar utveckling","publisher":{"@id":"https:\/\/stixon.se\/en\/#organization"},"potentialAction":[{"@type":"SearchAction","target":{"@type":"EntryPoint","urlTemplate":"https:\/\/stixon.se\/en\/?s={search_term_string}"},"query-input":{"@type":"PropertyValueSpecification","valueRequired":true,"valueName":"search_term_string"}}],"inLanguage":"en-US"},{"@type":"Organization","@id":"https:\/\/stixon.se\/en\/#organization","name":"Stixon","url":"https:\/\/stixon.se\/en\/","logo":{"@type":"ImageObject","inLanguage":"en-US","@id":"https:\/\/stixon.se\/en\/#\/schema\/logo\/image\/","url":"https:\/\/stixon.se\/wp-content\/uploads\/2024\/06\/Stixon_Logo-secondary_white_color.svg","contentUrl":"https:\/\/stixon.se\/wp-content\/uploads\/2024\/06\/Stixon_Logo-secondary_white_color.svg","width":1898.63,"height":381.82,"caption":"Stixon"},"image":{"@id":"https:\/\/stixon.se\/en\/#\/schema\/logo\/image\/"}}]}},"_links":{"self":[{"href":"https:\/\/stixon.se\/en\/wp-json\/wp\/v2\/pages\/2328","targetHints":{"allow":["GET"]}}],"collection":[{"href":"https:\/\/stixon.se\/en\/wp-json\/wp\/v2\/pages"}],"about":[{"href":"https:\/\/stixon.se\/en\/wp-json\/wp\/v2\/types\/page"}],"author":[{"embeddable":true,"href":"https:\/\/stixon.se\/en\/wp-json\/wp\/v2\/users\/1"}],"replies":[{"embeddable":true,"href":"https:\/\/stixon.se\/en\/wp-json\/wp\/v2\/comments?post=2328"}],"version-history":[{"count":3,"href":"https:\/\/stixon.se\/en\/wp-json\/wp\/v2\/pages\/2328\/revisions"}],"predecessor-version":[{"id":2347,"href":"https:\/\/stixon.se\/en\/wp-json\/wp\/v2\/pages\/2328\/revisions\/2347"}],"wp:attachment":[{"href":"https:\/\/stixon.se\/en\/wp-json\/wp\/v2\/media?parent=2328"}],"curies":[{"name":"wp","href":"https:\/\/api.w.org\/{rel}","templated":true}]}}